{"id":2238,"date":"2023-05-22T11:44:24","date_gmt":"2023-05-22T09:44:24","guid":{"rendered":"https:\/\/www.gamma-mold.it\/?page_id=2238"},"modified":"2023-05-29T15:23:54","modified_gmt":"2023-05-29T13:23:54","slug":"cookies-policy","status":"publish","type":"page","link":"https:\/\/www.gamma-mold.it\/de\/cookies-policy\/","title":{"rendered":"Cookies-Richtlinie"},"content":{"rendered":"<style>\n    a.cky-banner-element {<br \/>        padding: 8px 30px;<br \/>        background: #F8F9FA;<br \/>        color: #858A8F;<br \/>        border: 1px solid #DEE2E6;<br \/>        box-sizing: border-box;<br \/>        border-radius: 2px;<br \/>        cursor: pointer;<br \/>}<br \/><\/style>\n<p>Inkrafttreten: 17 April 2026\n<p>Zuletzt aktualisiert: 22 May 2023<\/p>\n<p>&nbsp;<\/p>\n<h5>Was sind Cookies?<\/h5>\n<div class=\"cookie-policy-p\">\n<p>In dieser Cookie-Richtlinie wird erkl\u00e4rt, was Cookies sind und wie sie verwenden werden, welche Arten von Cookies verwenden werden, welche Informationen mit Hilfe von Cookies gesammelt werden und wie die verwendet werden, und wie man die Cookie-Einstellungen verwalten kann.<\/p>\n<p>Cookies sind kleine Textdateien, die dazu dienen, kleine Informationen zu speichern. Sie werden auf Ihrem Ger\u00e4t gespeichert, wenn die Website \u00fcber Ihren Browser geladen wird. Diese Cookies helfen uns, die Website ordnungsgem\u00e4\u00df funktionieren zu lassen, sie sicherer zu machen, die Benutzerfreundlichkeit zu verbessern und zu verstehen, wie die Website funktioniert, um zu analysieren, was funktioniert und ob es verbessert werden muss.<\/p>\n<\/div>\n<p>&nbsp;<\/p>\n<h5>Wie werden Cookies verwendet?<\/h5>\n<div class=\"cookie-policy-p\">\n<p>Wie die meisten Online-Services verwendet auch unsere Website Erstanbieter- und Drittanbieter-Cookies f\u00fcr verschiedene Zwecke. Erstanbieter-Cookies sind meist notwendig, damit die Website richtig funktioniert, und sie erfassen keine personenbezogenen Daten von Ihnen.<\/p>\n<p>Drittanbieter-Cookies, die auf unserer Website verwendet werden, dienen haupts\u00e4chlich dazu, zu verstehen, wie die Website funktioniert, wie Sie mit unserer Website interagieren, unsere Dienste sicher zu halten, Ihnen f\u00fcr Sie relevante Werbung bereitzustellen und Ihnen eine bessere und verbesserte Benutzererfahrung zu bieten und Ihre zuk\u00fcnftigen Interaktionen mit unserer Website zu beschleunigen.<\/p>\n<\/div>\n<p>&nbsp;<\/p>\n<h5>Arten der von uns verwendeten Cookies<\/h5>\n<div class=\"cky-audit-table-element\"><\/div>\n<p>&nbsp;<\/p>\n<h5 style=\"margin-bottom: 20px;\">Cookie-Einstellungen verwalten<\/h5>\n<p><a class=\"cky-banner-element\">Cookie-Einstellungen<\/a><\/p>\n<div>\n<p>Sie k\u00f6nnen Ihre Cookie-Einstellungen jederzeit \u00e4ndern, indem Sie auf die obige Schaltfl\u00e4che klicken. Dadurch k\u00f6nnen Sie das Cookie-Einwilligungsbanner erneut aufrufen und Ihre Einstellungen \u00e4ndern oder Ihre Zustimmung sofort widerrufen.<\/p>\n<p>Dar\u00fcber hinaus bieten verschiedene Browser unterschiedliche Methoden zum Blockieren und L\u00f6schen von Cookies, die von Websites verwendet werden. Sie k\u00f6nnen die Einstellungen Ihres Browsers \u00e4ndern, um die Cookies zu blockieren\/l\u00f6schen. Nachstehend finden Sie Links zu den Support-Dokumenten der wichtigsten Webbrowser, die Ihnen zeigen, wie Sie Cookies verwalten und l\u00f6schen k\u00f6nnen.<\/p>\n<p>Chrome: <a href=\"https:\/\/support.google.com\/accounts\/answer\/32050\" target=\"_blank\" rel=\"noopener\">https:\/\/support.google.com\/accounts\/answer\/32050<\/a><\/p>\n<p>Safari: <a href=\"https:\/\/support.apple.com\/en-in\/guide\/safari\/sfri11471\/mac\" target=\"_blank\" rel=\"noopener\">https:\/\/support.apple.com\/en-in\/guide\/safari\/sfri11471\/mac<\/a><\/p>\n<p>Firefox: <a href=\"https:\/\/support.mozilla.org\/en-US\/kb\/clear-cookies-and-site-data-firefox?redirectslug=delete-cookies-remove-info-websites-stored&amp;redirectlocale=en-US\" target=\"_blank\" rel=\"noopener\">https:\/\/support.mozilla.org\/en-US\/kb\/clear-cookies-and-site-data-firefox?redirectslug=delete-cookies-remove-info-websites-stored&amp;redirectlocale=en-US<\/a><\/p>\n<p>Internet Explorer: <a href=\"https:\/\/support.microsoft.com\/en-us\/topic\/how-to-delete-cookie-files-in-internet-explorer-bca9446f-d873-78de-77ba-d42645fa52fc\" target=\"_blank\" rel=\"noopener\">https:\/\/support.microsoft.com\/en-us\/topic\/how-to-delete-cookie-files-in-internet-explorer-bca9446f-d873-78de-77ba-d42645fa52fc<\/a><\/p>\n<p>Wenn Sie einen anderen Webbrowser verwenden, lesen Sie bitte die offiziellen Support-Dokumente Ihres Browsers.<\/p>\n<\/div>\n<p>&nbsp;<\/p>\n<p class=\"cookie-policy-p\">Cookie-Richtlinie generiert von <a href=\"https:\/\/www.cookieyes.com\/?utm_source=CP&amp;utm_medium=footer&amp;utm_campaign=UW\" target=\"_blank\" rel=\"noopener\">CookieYes &#8211; Cookie Policy Generator<\/a>.<\/p>","protected":false},"excerpt":{"rendered":"<p>Inkrafttreten: Zuletzt aktualisiert: 22 May 2023 &nbsp; Was sind Cookies? In dieser Cookie-Richtlinie wird erkl\u00e4rt, was Cookies sind und wie sie verwenden werden, welche Arten von Cookies verwenden werden, welche [&hellip;]<\/p>\n","protected":false},"author":1,"featured_media":0,"parent":0,"menu_order":0,"comment_status":"closed","ping_status":"closed","template":"","meta":{"_acf_changed":false,"footnotes":""},"class_list":["post-2238","page","type-page","status-publish","hentry"],"acf":[],"yoast_head":"<!-- This site is optimized with the Yoast SEO plugin v27.4 - https:\/\/yoast.com\/product\/yoast-seo-wordpress\/ -->\n<title>Cookies-Richtlinie - Gamma S.p.a.<\/title>\n<meta name=\"robots\" content=\"index, follow, max-snippet:-1, max-image-preview:large, max-video-preview:-1\" \/>\n<link rel=\"canonical\" href=\"https:\/\/www.gamma-mold.it\/cookies-policy\/\" \/>\n<meta property=\"og:locale\" content=\"de_DE\" \/>\n<meta property=\"og:type\" content=\"article\" \/>\n<meta property=\"og:title\" content=\"Cookies-Richtlinie - Gamma S.p.a.\" \/>\n<meta property=\"og:description\" content=\"Inkrafttreten: Zuletzt aktualisiert: 22 May 2023 &nbsp; Was sind Cookies? In dieser Cookie-Richtlinie wird erkl\u00e4rt, was Cookies sind und wie sie verwenden werden, welche Arten von Cookies verwenden werden, welche [&hellip;]\" \/>\n<meta property=\"og:url\" content=\"https:\/\/www.gamma-mold.it\/cookies-policy\/\" \/>\n<meta property=\"og:site_name\" content=\"Gamma S.p.a.\" \/>\n<meta property=\"article:modified_time\" content=\"2023-05-29T13:23:54+00:00\" \/>\n<meta name=\"twitter:card\" content=\"summary_large_image\" \/>\n<meta name=\"twitter:label1\" content=\"Gesch\u00e4tzte Lesezeit\" \/>\n\t<meta name=\"twitter:data1\" content=\"7\u00a0Minuten\" \/>\n<script type=\"application\/ld+json\" class=\"yoast-schema-graph\">{\"@context\":\"https:\\\/\\\/schema.org\",\"@graph\":[{\"@type\":\"WebPage\",\"@id\":\"https:\\\/\\\/www.gamma-mold.it\\\/cookies-policy\\\/\",\"url\":\"https:\\\/\\\/www.gamma-mold.it\\\/cookies-policy\\\/\",\"name\":\"Cookies-Richtlinie - Gamma S.p.a.\",\"isPartOf\":{\"@id\":\"https:\\\/\\\/www.gamma-mold.it\\\/#website\"},\"datePublished\":\"2023-05-22T09:44:24+00:00\",\"dateModified\":\"2023-05-29T13:23:54+00:00\",\"breadcrumb\":{\"@id\":\"https:\\\/\\\/www.gamma-mold.it\\\/cookies-policy\\\/#breadcrumb\"},\"inLanguage\":\"de\",\"potentialAction\":[{\"@type\":\"ReadAction\",\"target\":[\"https:\\\/\\\/www.gamma-mold.it\\\/cookies-policy\\\/\"]}]},{\"@type\":\"BreadcrumbList\",\"@id\":\"https:\\\/\\\/www.gamma-mold.it\\\/cookies-policy\\\/#breadcrumb\",\"itemListElement\":[{\"@type\":\"ListItem\",\"position\":1,\"name\":\"Home\",\"item\":\"https:\\\/\\\/www.gamma-mold.it\\\/\"},{\"@type\":\"ListItem\",\"position\":2,\"name\":\"Cookies-Richtlinie\"}]},{\"@type\":\"WebSite\",\"@id\":\"https:\\\/\\\/www.gamma-mold.it\\\/#website\",\"url\":\"https:\\\/\\\/www.gamma-mold.it\\\/\",\"name\":\"Gamma S.p.a.\",\"description\":\"\",\"potentialAction\":[{\"@type\":\"SearchAction\",\"target\":{\"@type\":\"EntryPoint\",\"urlTemplate\":\"https:\\\/\\\/www.gamma-mold.it\\\/?s={search_term_string}\"},\"query-input\":{\"@type\":\"PropertyValueSpecification\",\"valueRequired\":true,\"valueName\":\"search_term_string\"}}],\"inLanguage\":\"de\"}]}<\/script>\n<!-- \/ Yoast SEO plugin. -->","yoast_head_json":{"title":"Cookies-Richtlinie - Gamma S.p.a.","robots":{"index":"index","follow":"follow","max-snippet":"max-snippet:-1","max-image-preview":"max-image-preview:large","max-video-preview":"max-video-preview:-1"},"canonical":"https:\/\/www.gamma-mold.it\/cookies-policy\/","og_locale":"de_DE","og_type":"article","og_title":"Cookies-Richtlinie - Gamma S.p.a.","og_description":"Inkrafttreten: Zuletzt aktualisiert: 22 May 2023 &nbsp; Was sind Cookies? In dieser Cookie-Richtlinie wird erkl\u00e4rt, was Cookies sind und wie sie verwenden werden, welche Arten von Cookies verwenden werden, welche [&hellip;]","og_url":"https:\/\/www.gamma-mold.it\/cookies-policy\/","og_site_name":"Gamma S.p.a.","article_modified_time":"2023-05-29T13:23:54+00:00","twitter_card":"summary_large_image","twitter_misc":{"Gesch\u00e4tzte Lesezeit":"7\u00a0Minuten"},"schema":{"@context":"https:\/\/schema.org","@graph":[{"@type":"WebPage","@id":"https:\/\/www.gamma-mold.it\/cookies-policy\/","url":"https:\/\/www.gamma-mold.it\/cookies-policy\/","name":"Cookies-Richtlinie - Gamma S.p.a.","isPartOf":{"@id":"https:\/\/www.gamma-mold.it\/#website"},"datePublished":"2023-05-22T09:44:24+00:00","dateModified":"2023-05-29T13:23:54+00:00","breadcrumb":{"@id":"https:\/\/www.gamma-mold.it\/cookies-policy\/#breadcrumb"},"inLanguage":"de","potentialAction":[{"@type":"ReadAction","target":["https:\/\/www.gamma-mold.it\/cookies-policy\/"]}]},{"@type":"BreadcrumbList","@id":"https:\/\/www.gamma-mold.it\/cookies-policy\/#breadcrumb","itemListElement":[{"@type":"ListItem","position":1,"name":"Home","item":"https:\/\/www.gamma-mold.it\/"},{"@type":"ListItem","position":2,"name":"Cookies-Richtlinie"}]},{"@type":"WebSite","@id":"https:\/\/www.gamma-mold.it\/#website","url":"https:\/\/www.gamma-mold.it\/","name":"Gamma S.p.a.","description":"","potentialAction":[{"@type":"SearchAction","target":{"@type":"EntryPoint","urlTemplate":"https:\/\/www.gamma-mold.it\/?s={search_term_string}"},"query-input":{"@type":"PropertyValueSpecification","valueRequired":true,"valueName":"search_term_string"}}],"inLanguage":"de"}]}},"_links":{"self":[{"href":"https:\/\/www.gamma-mold.it\/de\/wp-json\/wp\/v2\/pages\/2238","targetHints":{"allow":["GET"]}}],"collection":[{"href":"https:\/\/www.gamma-mold.it\/de\/wp-json\/wp\/v2\/pages"}],"about":[{"href":"https:\/\/www.gamma-mold.it\/de\/wp-json\/wp\/v2\/types\/page"}],"author":[{"embeddable":true,"href":"https:\/\/www.gamma-mold.it\/de\/wp-json\/wp\/v2\/users\/1"}],"replies":[{"embeddable":true,"href":"https:\/\/www.gamma-mold.it\/de\/wp-json\/wp\/v2\/comments?post=2238"}],"version-history":[{"count":28,"href":"https:\/\/www.gamma-mold.it\/de\/wp-json\/wp\/v2\/pages\/2238\/revisions"}],"predecessor-version":[{"id":2275,"href":"https:\/\/www.gamma-mold.it\/de\/wp-json\/wp\/v2\/pages\/2238\/revisions\/2275"}],"wp:attachment":[{"href":"https:\/\/www.gamma-mold.it\/de\/wp-json\/wp\/v2\/media?parent=2238"}],"curies":[{"name":"wp","href":"https:\/\/api.w.org\/{rel}","templated":true}]}}