{"id":2008,"date":"2016-02-15T09:45:08","date_gmt":"2016-02-15T08:45:08","guid":{"rendered":"http:\/\/test.gamma-mold.it\/?page_id=2008"},"modified":"2019-11-25T17:27:17","modified_gmt":"2019-11-25T16:27:17","slug":"azienda","status":"publish","type":"page","link":"https:\/\/www.gamma-mold.it\/de\/azienda\/","title":{"rendered":"Unternehmen <a href=\"\/wp-content\/uploads\/2024\/10\/MQ-01-01-politica-2024-TED.pdf\" class=\"qualita\" target=\"_blank\" rel=\"noopener noreferrer\">Qualit\u00e4t<\/a>"},"content":{"rendered":"<div style=\"float: left; margin-right: 20px;\"><img loading=\"lazy\" decoding=\"async\" class=\"alignnone size-full wp-image-2013\" src=\"http:\/\/www.gamma-mold.it\/wp-content\/uploads\/2016\/02\/azienda.jpg\" alt=\"azienda\" width=\"452\" height=\"300\" \/><\/div>\n<div>Im Jahr 1984 gegr\u00fcndet, konstruiert und baut GAMMA S.p.A. Werkzeuge bis zu 60 Tonnen H\u00f6chstgewicht f\u00fcr die Herstellung von Thermo-und Duroplast-Teilen, insbesondere f\u00fcr den Automotive Bereich.<\/p>\n<p>Das Kerngesch\u00e4ft der GAMMA S.p.A. ist die Herstellung hochwertiger Werkzeuge.<br \/>\nDank langj\u00e4hriger Erfahrung hat sich die GAMMA S.p.A. vor allem im europ\u00e4ischen Automotive-Bereich eine gro\u00dfe Marktakzeptanz erarbeitet.<br \/>\nDie Kompetenz der GAMMA S.p.A. basiert auf einem ganzheitlichen Entwicklungskonzept, beginnend mit der Konstruktionsplanung, der Co-Design-Unterst\u00fctzung bis hin zu einer fachm\u00e4nnisch ausgef\u00fchrten Herstellung der Werkzeuge nach dem jeweiligen Stand der Technologie. Alle werkzeugtechnischen Produktionsabl\u00e4ufe werden auf m\u00f6gliche Optimierungspotenziale untersucht und in enger Abstimmung mit dem Kunden fachgerecht durchgef\u00fchrt.<\/p>\n<p>Das GAMMA-Mitarbeiterteam ist qualifiziert durch einen guten Ausbildungs-Standard und ausgerichtet auf eine st\u00e4ndige marktrelevante Weiterentwicklung des technischen Know-How in allen Fachbereichen.<\/p>\n<p>Die Firmenphilosophie der GAMMA S.p.A. beinhaltet das Leitbild einer partnerschaftlichen und erfolgreichen Zusammenarbeit mit dem Ziel der Erreichung einer hohen Kundenzufriedenheit.<\/p>\n<p>Die Firmenvision der GAMMA S.p.A. ist die Sicherung der guten Positionierung als kompetenter strategischer Partner der Automotiv-Industrie sowie dem qualifizierten und technologiekonformen Produktionsausbau zur angestrebten Erzielung weiterer Marktanteile.<\/p><\/div>","protected":false},"excerpt":{"rendered":"<p>Im Jahr 1984 gegr\u00fcndet, konstruiert und baut GAMMA S.p.A. Werkzeuge bis zu 60 Tonnen H\u00f6chstgewicht f\u00fcr die Herstellung von Thermo-und Duroplast-Teilen, insbesondere f\u00fcr den Automotive Bereich. Das Kerngesch\u00e4ft der GAMMA [&hellip;]<\/p>\n","protected":false},"author":1,"featured_media":0,"parent":0,"menu_order":0,"comment_status":"closed","ping_status":"closed","template":"page-fullwidth.php","meta":{"_acf_changed":false,"footnotes":""},"class_list":["post-2008","page","type-page","status-publish","hentry"],"acf":[],"yoast_head":"<!-- This site is optimized with the Yoast SEO plugin v27.4 - https:\/\/yoast.com\/product\/yoast-seo-wordpress\/ -->\n<title>Unternehmen Qualit\u00e4t - Gamma S.p.a.<\/title>\n<meta name=\"description\" content=\"Nata nel 1984, GAMMA S.p.A., si propone come un azienda di progettazione e costruzione stampi ad iniezione per materie plastiche e termoindurenti soprattutto per il settore dell&#039;Automotive.Modify your meta description by editing it right here\" \/>\n<meta name=\"robots\" content=\"index, follow, max-snippet:-1, max-image-preview:large, max-video-preview:-1\" \/>\n<link rel=\"canonical\" href=\"https:\/\/www.gamma-mold.it\/en\/azienda\/\" \/>\n<meta property=\"og:locale\" content=\"de_DE\" \/>\n<meta property=\"og:type\" content=\"article\" \/>\n<meta property=\"og:title\" content=\"Unternehmen Qualit\u00e4t - Gamma S.p.a.\" \/>\n<meta property=\"og:description\" content=\"Nata nel 1984, GAMMA S.p.A., si propone come un azienda di progettazione e costruzione stampi ad iniezione per materie plastiche e termoindurenti soprattutto per il settore dell&#039;Automotive.Modify your meta description by editing it right here\" \/>\n<meta property=\"og:url\" content=\"https:\/\/www.gamma-mold.it\/en\/azienda\/\" \/>\n<meta property=\"og:site_name\" content=\"Gamma S.p.a.\" \/>\n<meta property=\"article:modified_time\" content=\"2019-11-25T16:27:17+00:00\" \/>\n<meta property=\"og:image\" content=\"http:\/\/www.gamma-mold.it\/wp-content\/uploads\/2016\/02\/azienda.jpg\" \/>\n<meta name=\"twitter:card\" content=\"summary_large_image\" \/>\n<meta name=\"twitter:label1\" content=\"Gesch\u00e4tzte Lesezeit\" \/>\n\t<meta name=\"twitter:data1\" content=\"3\u00a0Minuten\" \/>\n<script type=\"application\/ld+json\" class=\"yoast-schema-graph\">{\"@context\":\"https:\\\/\\\/schema.org\",\"@graph\":[{\"@type\":\"WebPage\",\"@id\":\"https:\\\/\\\/www.gamma-mold.it\\\/en\\\/azienda\\\/\",\"url\":\"https:\\\/\\\/www.gamma-mold.it\\\/en\\\/azienda\\\/\",\"name\":\"Unternehmen Qualit\u00e4t - Gamma S.p.a.\",\"isPartOf\":{\"@id\":\"https:\\\/\\\/www.gamma-mold.it\\\/#website\"},\"primaryImageOfPage\":{\"@id\":\"https:\\\/\\\/www.gamma-mold.it\\\/en\\\/azienda\\\/#primaryimage\"},\"image\":{\"@id\":\"https:\\\/\\\/www.gamma-mold.it\\\/en\\\/azienda\\\/#primaryimage\"},\"thumbnailUrl\":\"http:\\\/\\\/www.gamma-mold.it\\\/wp-content\\\/uploads\\\/2016\\\/02\\\/azienda.jpg\",\"datePublished\":\"2016-02-15T08:45:08+00:00\",\"dateModified\":\"2019-11-25T16:27:17+00:00\",\"description\":\"Nata nel 1984, GAMMA S.p.A., si propone come un azienda di progettazione e costruzione stampi ad iniezione per materie plastiche e termoindurenti soprattutto per il settore dell'Automotive.Modify your meta description by editing it right here\",\"breadcrumb\":{\"@id\":\"https:\\\/\\\/www.gamma-mold.it\\\/en\\\/azienda\\\/#breadcrumb\"},\"inLanguage\":\"de\",\"potentialAction\":[{\"@type\":\"ReadAction\",\"target\":[\"https:\\\/\\\/www.gamma-mold.it\\\/en\\\/azienda\\\/\"]}]},{\"@type\":\"ImageObject\",\"inLanguage\":\"de\",\"@id\":\"https:\\\/\\\/www.gamma-mold.it\\\/en\\\/azienda\\\/#primaryimage\",\"url\":\"http:\\\/\\\/www.gamma-mold.it\\\/wp-content\\\/uploads\\\/2016\\\/02\\\/azienda.jpg\",\"contentUrl\":\"http:\\\/\\\/www.gamma-mold.it\\\/wp-content\\\/uploads\\\/2016\\\/02\\\/azienda.jpg\"},{\"@type\":\"BreadcrumbList\",\"@id\":\"https:\\\/\\\/www.gamma-mold.it\\\/en\\\/azienda\\\/#breadcrumb\",\"itemListElement\":[{\"@type\":\"ListItem\",\"position\":1,\"name\":\"Home\",\"item\":\"https:\\\/\\\/www.gamma-mold.it\\\/\"},{\"@type\":\"ListItem\",\"position\":2,\"name\":\"Our Company Quality\"}]},{\"@type\":\"WebSite\",\"@id\":\"https:\\\/\\\/www.gamma-mold.it\\\/#website\",\"url\":\"https:\\\/\\\/www.gamma-mold.it\\\/\",\"name\":\"Gamma S.p.a.\",\"description\":\"\",\"potentialAction\":[{\"@type\":\"SearchAction\",\"target\":{\"@type\":\"EntryPoint\",\"urlTemplate\":\"https:\\\/\\\/www.gamma-mold.it\\\/?s={search_term_string}\"},\"query-input\":{\"@type\":\"PropertyValueSpecification\",\"valueRequired\":true,\"valueName\":\"search_term_string\"}}],\"inLanguage\":\"de\"}]}<\/script>\n<!-- \/ Yoast SEO plugin. -->","yoast_head_json":{"title":"Unternehmen Qualit\u00e4t - Gamma S.p.a.","description":"Nata nel 1984, GAMMA S.p.A., si propone come un azienda di progettazione e costruzione stampi ad iniezione per materie plastiche e termoindurenti soprattutto per il settore dell'Automotive.Modify your meta description by editing it right here","robots":{"index":"index","follow":"follow","max-snippet":"max-snippet:-1","max-image-preview":"max-image-preview:large","max-video-preview":"max-video-preview:-1"},"canonical":"https:\/\/www.gamma-mold.it\/en\/azienda\/","og_locale":"de_DE","og_type":"article","og_title":"Unternehmen Qualit\u00e4t - Gamma S.p.a.","og_description":"Nata nel 1984, GAMMA S.p.A., si propone come un azienda di progettazione e costruzione stampi ad iniezione per materie plastiche e termoindurenti soprattutto per il settore dell'Automotive.Modify your meta description by editing it right here","og_url":"https:\/\/www.gamma-mold.it\/en\/azienda\/","og_site_name":"Gamma S.p.a.","article_modified_time":"2019-11-25T16:27:17+00:00","og_image":[{"url":"http:\/\/www.gamma-mold.it\/wp-content\/uploads\/2016\/02\/azienda.jpg","type":"","width":"","height":""}],"twitter_card":"summary_large_image","twitter_misc":{"Gesch\u00e4tzte Lesezeit":"3\u00a0Minuten"},"schema":{"@context":"https:\/\/schema.org","@graph":[{"@type":"WebPage","@id":"https:\/\/www.gamma-mold.it\/en\/azienda\/","url":"https:\/\/www.gamma-mold.it\/en\/azienda\/","name":"Unternehmen Qualit\u00e4t - Gamma S.p.a.","isPartOf":{"@id":"https:\/\/www.gamma-mold.it\/#website"},"primaryImageOfPage":{"@id":"https:\/\/www.gamma-mold.it\/en\/azienda\/#primaryimage"},"image":{"@id":"https:\/\/www.gamma-mold.it\/en\/azienda\/#primaryimage"},"thumbnailUrl":"http:\/\/www.gamma-mold.it\/wp-content\/uploads\/2016\/02\/azienda.jpg","datePublished":"2016-02-15T08:45:08+00:00","dateModified":"2019-11-25T16:27:17+00:00","description":"Nata nel 1984, GAMMA S.p.A., si propone come un azienda di progettazione e costruzione stampi ad iniezione per materie plastiche e termoindurenti soprattutto per il settore dell'Automotive.Modify your meta description by editing it right here","breadcrumb":{"@id":"https:\/\/www.gamma-mold.it\/en\/azienda\/#breadcrumb"},"inLanguage":"de","potentialAction":[{"@type":"ReadAction","target":["https:\/\/www.gamma-mold.it\/en\/azienda\/"]}]},{"@type":"ImageObject","inLanguage":"de","@id":"https:\/\/www.gamma-mold.it\/en\/azienda\/#primaryimage","url":"http:\/\/www.gamma-mold.it\/wp-content\/uploads\/2016\/02\/azienda.jpg","contentUrl":"http:\/\/www.gamma-mold.it\/wp-content\/uploads\/2016\/02\/azienda.jpg"},{"@type":"BreadcrumbList","@id":"https:\/\/www.gamma-mold.it\/en\/azienda\/#breadcrumb","itemListElement":[{"@type":"ListItem","position":1,"name":"Home","item":"https:\/\/www.gamma-mold.it\/"},{"@type":"ListItem","position":2,"name":"Our Company Quality"}]},{"@type":"WebSite","@id":"https:\/\/www.gamma-mold.it\/#website","url":"https:\/\/www.gamma-mold.it\/","name":"Gamma S.p.a.","description":"","potentialAction":[{"@type":"SearchAction","target":{"@type":"EntryPoint","urlTemplate":"https:\/\/www.gamma-mold.it\/?s={search_term_string}"},"query-input":{"@type":"PropertyValueSpecification","valueRequired":true,"valueName":"search_term_string"}}],"inLanguage":"de"}]}},"_links":{"self":[{"href":"https:\/\/www.gamma-mold.it\/de\/wp-json\/wp\/v2\/pages\/2008","targetHints":{"allow":["GET"]}}],"collection":[{"href":"https:\/\/www.gamma-mold.it\/de\/wp-json\/wp\/v2\/pages"}],"about":[{"href":"https:\/\/www.gamma-mold.it\/de\/wp-json\/wp\/v2\/types\/page"}],"author":[{"embeddable":true,"href":"https:\/\/www.gamma-mold.it\/de\/wp-json\/wp\/v2\/users\/1"}],"replies":[{"embeddable":true,"href":"https:\/\/www.gamma-mold.it\/de\/wp-json\/wp\/v2\/comments?post=2008"}],"version-history":[{"count":29,"href":"https:\/\/www.gamma-mold.it\/de\/wp-json\/wp\/v2\/pages\/2008\/revisions"}],"predecessor-version":[{"id":2221,"href":"https:\/\/www.gamma-mold.it\/de\/wp-json\/wp\/v2\/pages\/2008\/revisions\/2221"}],"wp:attachment":[{"href":"https:\/\/www.gamma-mold.it\/de\/wp-json\/wp\/v2\/media?parent=2008"}],"curies":[{"name":"wp","href":"https:\/\/api.w.org\/{rel}","templated":true}]}}